{"id":51424,"date":"2020-12-04T12:46:16","date_gmt":"2020-12-04T18:46:16","guid":{"rendered":"https:\/\/pdrehab.com\/plany-ubezpieczeniowe\/"},"modified":"2026-04-06T11:23:13","modified_gmt":"2026-04-06T16:23:13","slug":"plany-ubezpieczeniowe","status":"publish","type":"page","link":"https:\/\/pdrehab.com\/pl\/plany-ubezpieczeniowe\/","title":{"rendered":"Plany ubezpieczeniowe"},"content":{"rendered":"<p>[et_pb_section fb_built=&#8221;1&#8243; _builder_version=&#8221;4.6.0&#8243; background_enable_color=&#8221;off&#8221; background_image=&#8221;https:\/\/pdrehab.com\/wp-content\/uploads\/2021\/04\/Insurance-Info-1.jpg&#8221; background_size=&#8221;initial&#8221; custom_padding=&#8221;90px||90px||false|&#8221; saved_tabs=&#8221;all&#8221;][et_pb_row _builder_version=&#8221;4.6.0&#8243; custom_padding=&#8221;||0px|||&#8221;][et_pb_column type=&#8221;4_4&#8243; _builder_version=&#8221;4.6.0&#8243; custom_padding=&#8221;|||&#8221; custom_padding__hover=&#8221;|||&#8221;][et_pb_post_title meta=&#8221;off&#8221; featured_image=&#8221;off&#8221; _builder_version=&#8221;4.6.0&#8243; title_font=&#8221;Poppins|700|||||||&#8221; title_text_align=&#8221;left&#8221; title_text_color=&#8221;#ffffff&#8221; title_font_size=&#8221;30px&#8221; custom_margin=&#8221;||-1px|||&#8221; title_font_size_tablet=&#8221;&#8221; title_font_size_phone=&#8221;20px&#8221; title_font_size_last_edited=&#8221;on|desktop&#8221;][\/et_pb_post_title][\/et_pb_column][\/et_pb_row][\/et_pb_section][et_pb_section fb_built=&#8221;1&#8243; _builder_version=&#8221;3.22.3&#8243; background_color=&#8221;#ffffff&#8221; custom_padding=&#8221;45px|0px|22px|0px|false|false&#8221;][et_pb_row column_structure=&#8221;1_4,3_4&#8243; use_custom_gutter=&#8221;on&#8221; gutter_width=&#8221;2&#8243; _builder_version=&#8221;4.6.0&#8243; background_enable_image=&#8221;off&#8221; background_size=&#8221;contain&#8221; background_position=&#8221;top_center&#8221; custom_margin=&#8221;||||false|false&#8221; custom_padding=&#8221;0px||5px|0px|false|false&#8221;][et_pb_column type=&#8221;1_4&#8243; _builder_version=&#8221;4.6.0&#8243; custom_padding=&#8221;28px||||false|false&#8221; custom_padding__hover=&#8221;|||&#8221;][et_pb_sidebar area=&#8221;et_pb_widget_area_2&#8243; _builder_version=&#8221;4.6.0&#8243; _module_preset=&#8221;default&#8221;][\/et_pb_sidebar][\/et_pb_column][et_pb_column type=&#8221;3_4&#8243; _builder_version=&#8221;3.25&#8243; custom_padding=&#8221;|||&#8221; custom_padding__hover=&#8221;|||&#8221;][et_pb_text _builder_version=&#8221;4.6.0&#8243; text_font=&#8221;Lato||||||||&#8221; text_text_color=&#8221;#000000&#8243; text_font_size=&#8221;15px&#8221; text_orientation=&#8221;center&#8221; custom_margin=&#8221;||-2px|||&#8221; custom_padding=&#8221;20px||19px|||&#8221; text_font_size_tablet=&#8221;&#8221; text_font_size_phone=&#8221;20px&#8221; text_font_size_last_edited=&#8221;on|desktop&#8221;]<\/p>\n<h2 style=\"text-align: left;\">PLANY UBEZPIECZENIOWE, AKCEPTOWANE PRZEZ\u00a0 P D REHAB:<\/h2>\n<h4>\u00a0<\/h4>\n<h4 style=\"text-align: left;\">W SIECI:<\/h4>\n<ul class=\"fa-ul\" style=\"text-align: left;\">\n<li><i class=\"fa fa-check-circle\" style=\"color: #e02b20;\" aria-hidden=\"true\"><\/i> Medicare Part B<\/li>\n<li><i class=\"fa fa-check-circle\" style=\"color: #e02b20;\" aria-hidden=\"true\"><\/i> Blue Cross Blue Shield PPO (wszystkie plany)<\/li>\n<li><i class=\"fa fa-check-circle\" style=\"color: #e02b20;\" aria-hidden=\"true\"><\/i> Ubezpieczenia pracownicze od wypadk\u00f3w w pracy<\/li>\n<\/ul>\n<h4>\u00a0<\/h4>\n<h4 style=\"text-align: left;\">POZA SIECI\u0104:<\/h4>\n<ul class=\"fa-ul\" style=\"text-align: left;\">\n<li><i class=\"fa fa-check-circle\" style=\"color: #e02b20;\" aria-hidden=\"true\"><\/i> BCBS Medicare Advantage PPO<\/li>\n<li><i class=\"fa fa-check-circle\" style=\"color: #e02b20;\" aria-hidden=\"true\"><\/i> UHC Medicare Advantage PPO<\/li>\n<li><i class=\"fa fa-check-circle\" style=\"color: #e02b20;\" aria-hidden=\"true\"><\/i> Aetna Medicare Advantage POS<\/li>\n<li><i class=\"fa fa-check-circle\" style=\"color: #e02b20;\" aria-hidden=\"true\"><\/i> Humana Medicare Advantage PPO<\/li>\n<li><i class=\"fa fa-check-circle\" style=\"color: #e02b20;\" aria-hidden=\"true\"><\/i> Wszystkie inne plany PPO w ramach ubezpiecze\u0144 Medicare Advantage<\/li>\n<\/ul>\n<p>&nbsp;<\/p>\n<p style=\"text-align: left;\">OFERUJEMY TAK\u017bE DOGODNE I NIEDROGIE PLANY P\u0141ATNO\u015aCI DLA PACJENT\u00d3W PRYWATNYCH.<\/p>\n<h3 style=\"text-align: left;\">TERMINOLOGIA UBEZPIECZENIOWA<\/h3>\n<p style=\"text-align: left;\"><span style=\"font-weight: 400;\">Aby pom\u00f3c naszym pacjentom lepiej zrozumie\u0107 terminologi\u0119, zwi\u0105zan\u0105 z ich \u015bwiadczeniami ubezpieczeniowymi, wyja\u015bniamy 3 wa\u017cne terminy, kt\u00f3re reprezentuj\u0105 cz\u0119\u015b\u0107 rachunku medycznego, za kt\u00f3r\u0105 pacjenci s\u0105 odpowiedzialni.<\/span><\/p>\n<p style=\"text-align: left;\"><b>Deductible<\/b><span style=\"font-weight: 400;\"> &#8211; jest to sta\u0142a kwota, kt\u00f3r\u0105 b\u0119dziesz musia\u0142 p\u0142aci\u0107 co roku z w\u0142asnej kieszeni, zanim ubezpieczenie zacznie pokrywa\u0107 pozosta\u0142e kwalifikuj\u0105ce si\u0119 wydatki.<\/span><\/p>\n<p style=\"text-align: left;\"><b>Coinsurance<\/b><span style=\"font-weight: 400;\"> &#8211; procent koszt\u00f3w obj\u0119tych ubezpieczeniem zdrowotnym, kt\u00f3re p\u0142acisz za ka\u017cd\u0105 us\u0142ug\u0119 medyczn\u0105 (na przyk\u0142ad 20%) po op\u0142aceniu deductible.<\/span><\/p>\n<p style=\"text-align: left;\"><b>Copayment<\/b><span style=\"font-weight: 400;\"> &#8211; sta\u0142a kwota, kt\u00f3r\u0105 p\u0142acimy przy ka\u017cdej wizycie. <\/span><\/p>\n<p>[\/et_pb_text][\/et_pb_column][\/et_pb_row][\/et_pb_section]<\/p>\n","protected":false},"excerpt":{"rendered":"<p>[et_pb_section fb_built=&#8221;1&#8243; _builder_version=&#8221;4.6.0&#8243; background_enable_color=&#8221;off&#8221; background_image=&#8221;https:\/\/pdrehab.com\/wp-content\/uploads\/2021\/04\/Insurance-Info-1.jpg&#8221; background_size=&#8221;initial&#8221; custom_padding=&#8221;90px||90px||false|&#8221; saved_tabs=&#8221;all&#8221;][et_pb_row _builder_version=&#8221;4.6.0&#8243; custom_padding=&#8221;||0px|||&#8221;][et_pb_column type=&#8221;4_4&#8243; _builder_version=&#8221;4.6.0&#8243; custom_padding=&#8221;|||&#8221; custom_padding__hover=&#8221;|||&#8221;][et_pb_post_title meta=&#8221;off&#8221; featured_image=&#8221;off&#8221; _builder_version=&#8221;4.6.0&#8243; title_font=&#8221;Poppins|700|||||||&#8221; title_text_align=&#8221;left&#8221; title_text_color=&#8221;#ffffff&#8221; title_font_size=&#8221;30px&#8221; custom_margin=&#8221;||-1px|||&#8221; title_font_size_tablet=&#8221;&#8221; title_font_size_phone=&#8221;20px&#8221; title_font_size_last_edited=&#8221;on|desktop&#8221;][\/et_pb_post_title][\/et_pb_column][\/et_pb_row][\/et_pb_section][et_pb_section fb_built=&#8221;1&#8243; _builder_version=&#8221;3.22.3&#8243; background_color=&#8221;#ffffff&#8221; custom_padding=&#8221;45px|0px|22px|0px|false|false&#8221;][et_pb_row column_structure=&#8221;1_4,3_4&#8243; use_custom_gutter=&#8221;on&#8221; gutter_width=&#8221;2&#8243; _builder_version=&#8221;4.6.0&#8243; background_enable_image=&#8221;off&#8221; background_size=&#8221;contain&#8221; background_position=&#8221;top_center&#8221; custom_margin=&#8221;||||false|false&#8221; custom_padding=&#8221;0px||5px|0px|false|false&#8221;][et_pb_column type=&#8221;1_4&#8243; _builder_version=&#8221;4.6.0&#8243; custom_padding=&#8221;28px||||false|false&#8221; custom_padding__hover=&#8221;|||&#8221;][et_pb_sidebar area=&#8221;et_pb_widget_area_2&#8243; _builder_version=&#8221;4.6.0&#8243; _module_preset=&#8221;default&#8221;][\/et_pb_sidebar][\/et_pb_column][et_pb_column type=&#8221;3_4&#8243; _builder_version=&#8221;3.25&#8243; custom_padding=&#8221;|||&#8221; custom_padding__hover=&#8221;|||&#8221;][et_pb_text _builder_version=&#8221;4.6.0&#8243; text_font=&#8221;Lato||||||||&#8221; text_text_color=&#8221;#000000&#8243; text_font_size=&#8221;15px&#8221; text_orientation=&#8221;center&#8221; custom_margin=&#8221;||-2px|||&#8221; [&hellip;]<\/p>\n","protected":false},"author":1,"featured_media":66760,"parent":0,"menu_order":0,"comment_status":"closed","ping_status":"closed","template":"","meta":{"_et_pb_use_builder":"on","_et_pb_old_content":"","_et_gb_content_width":"","footnotes":""},"class_list":["post-51424","page","type-page","status-publish","has-post-thumbnail","hentry"],"yoast_head":"<!-- This site is optimized with the Yoast SEO Premium plugin v27.3 (Yoast SEO v27.4) - https:\/\/yoast.com\/product\/yoast-seo-premium-wordpress\/ -->\n<title>Plany ubezpieczeniowe - PDR Physical Therapy and Wellness Center<\/title>\n<meta name=\"description\" content=\"Nasza klinika akcpetuje wszystkie plany w ramach BCBS PPO, Medicare Part B oraz wszystkie plany PPO w ramach Medicare Advantage.\" \/>\n<meta name=\"robots\" content=\"index, follow, max-snippet:-1, max-image-preview:large, max-video-preview:-1\" \/>\n<link rel=\"canonical\" href=\"https:\/\/pdrehab.com\/pl\/plany-ubezpieczeniowe\/\" \/>\n<meta property=\"og:locale\" content=\"pl_PL\" \/>\n<meta property=\"og:type\" content=\"article\" \/>\n<meta property=\"og:title\" content=\"Plany ubezpieczeniowe\" \/>\n<meta property=\"og:description\" content=\"Nasza klinika akcpetuje wszystkie plany w ramach BCBS PPO, Medicare Part B oraz wszystkie plany PPO w ramach Medicare Advantage.\" \/>\n<meta property=\"og:url\" content=\"https:\/\/pdrehab.com\/pl\/plany-ubezpieczeniowe\/\" \/>\n<meta property=\"og:site_name\" content=\"PDR Physical Therapy and Wellness Center\" \/>\n<meta property=\"article:publisher\" content=\"https:\/\/www.facebook.com\/PDRPhysicalTherapy\" \/>\n<meta property=\"article:modified_time\" content=\"2026-04-06T16:23:13+00:00\" \/>\n<meta property=\"og:image\" content=\"https:\/\/pdrehab.com\/wp-content\/uploads\/2022\/12\/Website-images-8.png\" \/>\n\t<meta property=\"og:image:width\" content=\"940\" \/>\n\t<meta property=\"og:image:height\" content=\"588\" \/>\n\t<meta property=\"og:image:type\" content=\"image\/png\" \/>\n<meta name=\"twitter:card\" content=\"summary_large_image\" \/>\n<meta name=\"twitter:label1\" content=\"Szacowany czas czytania\" \/>\n\t<meta name=\"twitter:data1\" content=\"2 minuty\" \/>\n<script type=\"application\/ld+json\" class=\"yoast-schema-graph\">{\"@context\":\"https:\\\/\\\/schema.org\",\"@graph\":[{\"@type\":\"WebPage\",\"@id\":\"https:\\\/\\\/pdrehab.com\\\/pl\\\/plany-ubezpieczeniowe\\\/\",\"url\":\"https:\\\/\\\/pdrehab.com\\\/pl\\\/plany-ubezpieczeniowe\\\/\",\"name\":\"Plany ubezpieczeniowe - PDR Physical Therapy and Wellness Center\",\"isPartOf\":{\"@id\":\"https:\\\/\\\/pdrehab.com\\\/pl\\\/#website\"},\"primaryImageOfPage\":{\"@id\":\"https:\\\/\\\/pdrehab.com\\\/pl\\\/plany-ubezpieczeniowe\\\/#primaryimage\"},\"image\":{\"@id\":\"https:\\\/\\\/pdrehab.com\\\/pl\\\/plany-ubezpieczeniowe\\\/#primaryimage\"},\"thumbnailUrl\":\"https:\\\/\\\/pdrehab.com\\\/wp-content\\\/uploads\\\/2022\\\/12\\\/Website-images-8.png\",\"datePublished\":\"2020-12-04T18:46:16+00:00\",\"dateModified\":\"2026-04-06T16:23:13+00:00\",\"description\":\"Nasza klinika akcpetuje wszystkie plany w ramach BCBS PPO, Medicare Part B oraz wszystkie plany PPO w ramach Medicare Advantage.\",\"breadcrumb\":{\"@id\":\"https:\\\/\\\/pdrehab.com\\\/pl\\\/plany-ubezpieczeniowe\\\/#breadcrumb\"},\"inLanguage\":\"pl-PL\",\"potentialAction\":[{\"@type\":\"ReadAction\",\"target\":[\"https:\\\/\\\/pdrehab.com\\\/pl\\\/plany-ubezpieczeniowe\\\/\"]}]},{\"@type\":\"ImageObject\",\"inLanguage\":\"pl-PL\",\"@id\":\"https:\\\/\\\/pdrehab.com\\\/pl\\\/plany-ubezpieczeniowe\\\/#primaryimage\",\"url\":\"https:\\\/\\\/pdrehab.com\\\/wp-content\\\/uploads\\\/2022\\\/12\\\/Website-images-8.png\",\"contentUrl\":\"https:\\\/\\\/pdrehab.com\\\/wp-content\\\/uploads\\\/2022\\\/12\\\/Website-images-8.png\",\"width\":940,\"height\":588},{\"@type\":\"BreadcrumbList\",\"@id\":\"https:\\\/\\\/pdrehab.com\\\/pl\\\/plany-ubezpieczeniowe\\\/#breadcrumb\",\"itemListElement\":[{\"@type\":\"ListItem\",\"position\":1,\"name\":\"Home\",\"item\":\"https:\\\/\\\/pdrehab.com\\\/pl\\\/\"},{\"@type\":\"ListItem\",\"position\":2,\"name\":\"Plany ubezpieczeniowe\"}]},{\"@type\":\"WebSite\",\"@id\":\"https:\\\/\\\/pdrehab.com\\\/pl\\\/#website\",\"url\":\"https:\\\/\\\/pdrehab.com\\\/pl\\\/\",\"name\":\"PDR Physical Therapy and Wellness Center\",\"description\":\"Outpatient physical therapy\",\"publisher\":{\"@id\":\"https:\\\/\\\/pdrehab.com\\\/pl\\\/#organization\"},\"alternateName\":\"PDRehab\",\"potentialAction\":[{\"@type\":\"SearchAction\",\"target\":{\"@type\":\"EntryPoint\",\"urlTemplate\":\"https:\\\/\\\/pdrehab.com\\\/pl\\\/?s={search_term_string}\"},\"query-input\":{\"@type\":\"PropertyValueSpecification\",\"valueRequired\":true,\"valueName\":\"search_term_string\"}}],\"inLanguage\":\"pl-PL\"},{\"@type\":[\"Organization\",\"Place\"],\"@id\":\"https:\\\/\\\/pdrehab.com\\\/pl\\\/#organization\",\"name\":\"PDR Physical Therapy and Wellness Center\",\"alternateName\":\"PD Rehab\",\"url\":\"https:\\\/\\\/pdrehab.com\\\/pl\\\/\",\"logo\":{\"@id\":\"https:\\\/\\\/pdrehab.com\\\/pl\\\/plany-ubezpieczeniowe\\\/#local-main-organization-logo\"},\"image\":{\"@id\":\"https:\\\/\\\/pdrehab.com\\\/pl\\\/plany-ubezpieczeniowe\\\/#local-main-organization-logo\"},\"sameAs\":[\"https:\\\/\\\/www.facebook.com\\\/PDRPhysicalTherapy\",\"https:\\\/\\\/www.instagram.com\\\/pdrpt\\\/\"],\"telephone\":[],\"openingHoursSpecification\":[{\"@type\":\"OpeningHoursSpecification\",\"dayOfWeek\":[\"Monday\",\"Tuesday\",\"Wednesday\",\"Thursday\",\"Friday\",\"Saturday\",\"Sunday\"],\"opens\":\"09:00\",\"closes\":\"17:00\"}]},{\"@type\":\"ImageObject\",\"inLanguage\":\"pl-PL\",\"@id\":\"https:\\\/\\\/pdrehab.com\\\/pl\\\/plany-ubezpieczeniowe\\\/#local-main-organization-logo\",\"url\":\"https:\\\/\\\/pdrehab.com\\\/wp-content\\\/uploads\\\/2025\\\/10\\\/PDRlogo_allblue-scaled.png\",\"contentUrl\":\"https:\\\/\\\/pdrehab.com\\\/wp-content\\\/uploads\\\/2025\\\/10\\\/PDRlogo_allblue-scaled.png\",\"width\":2560,\"height\":1463,\"caption\":\"PDR Physical Therapy and Wellness Center\"}]}<\/script>\n<!-- \/ Yoast SEO Premium plugin. -->","yoast_head_json":{"title":"Plany ubezpieczeniowe - PDR Physical Therapy and Wellness Center","description":"Nasza klinika akcpetuje wszystkie plany w ramach BCBS PPO, Medicare Part B oraz wszystkie plany PPO w ramach Medicare Advantage.","robots":{"index":"index","follow":"follow","max-snippet":"max-snippet:-1","max-image-preview":"max-image-preview:large","max-video-preview":"max-video-preview:-1"},"canonical":"https:\/\/pdrehab.com\/pl\/plany-ubezpieczeniowe\/","og_locale":"pl_PL","og_type":"article","og_title":"Plany ubezpieczeniowe","og_description":"Nasza klinika akcpetuje wszystkie plany w ramach BCBS PPO, Medicare Part B oraz wszystkie plany PPO w ramach Medicare Advantage.","og_url":"https:\/\/pdrehab.com\/pl\/plany-ubezpieczeniowe\/","og_site_name":"PDR Physical Therapy and Wellness Center","article_publisher":"https:\/\/www.facebook.com\/PDRPhysicalTherapy","article_modified_time":"2026-04-06T16:23:13+00:00","og_image":[{"width":940,"height":588,"url":"https:\/\/pdrehab.com\/wp-content\/uploads\/2022\/12\/Website-images-8.png","type":"image\/png"}],"twitter_card":"summary_large_image","twitter_misc":{"Szacowany czas czytania":"2 minuty"},"schema":{"@context":"https:\/\/schema.org","@graph":[{"@type":"WebPage","@id":"https:\/\/pdrehab.com\/pl\/plany-ubezpieczeniowe\/","url":"https:\/\/pdrehab.com\/pl\/plany-ubezpieczeniowe\/","name":"Plany ubezpieczeniowe - PDR Physical Therapy and Wellness Center","isPartOf":{"@id":"https:\/\/pdrehab.com\/pl\/#website"},"primaryImageOfPage":{"@id":"https:\/\/pdrehab.com\/pl\/plany-ubezpieczeniowe\/#primaryimage"},"image":{"@id":"https:\/\/pdrehab.com\/pl\/plany-ubezpieczeniowe\/#primaryimage"},"thumbnailUrl":"https:\/\/pdrehab.com\/wp-content\/uploads\/2022\/12\/Website-images-8.png","datePublished":"2020-12-04T18:46:16+00:00","dateModified":"2026-04-06T16:23:13+00:00","description":"Nasza klinika akcpetuje wszystkie plany w ramach BCBS PPO, Medicare Part B oraz wszystkie plany PPO w ramach Medicare Advantage.","breadcrumb":{"@id":"https:\/\/pdrehab.com\/pl\/plany-ubezpieczeniowe\/#breadcrumb"},"inLanguage":"pl-PL","potentialAction":[{"@type":"ReadAction","target":["https:\/\/pdrehab.com\/pl\/plany-ubezpieczeniowe\/"]}]},{"@type":"ImageObject","inLanguage":"pl-PL","@id":"https:\/\/pdrehab.com\/pl\/plany-ubezpieczeniowe\/#primaryimage","url":"https:\/\/pdrehab.com\/wp-content\/uploads\/2022\/12\/Website-images-8.png","contentUrl":"https:\/\/pdrehab.com\/wp-content\/uploads\/2022\/12\/Website-images-8.png","width":940,"height":588},{"@type":"BreadcrumbList","@id":"https:\/\/pdrehab.com\/pl\/plany-ubezpieczeniowe\/#breadcrumb","itemListElement":[{"@type":"ListItem","position":1,"name":"Home","item":"https:\/\/pdrehab.com\/pl\/"},{"@type":"ListItem","position":2,"name":"Plany ubezpieczeniowe"}]},{"@type":"WebSite","@id":"https:\/\/pdrehab.com\/pl\/#website","url":"https:\/\/pdrehab.com\/pl\/","name":"PDR Physical Therapy and Wellness Center","description":"Outpatient physical therapy","publisher":{"@id":"https:\/\/pdrehab.com\/pl\/#organization"},"alternateName":"PDRehab","potentialAction":[{"@type":"SearchAction","target":{"@type":"EntryPoint","urlTemplate":"https:\/\/pdrehab.com\/pl\/?s={search_term_string}"},"query-input":{"@type":"PropertyValueSpecification","valueRequired":true,"valueName":"search_term_string"}}],"inLanguage":"pl-PL"},{"@type":["Organization","Place"],"@id":"https:\/\/pdrehab.com\/pl\/#organization","name":"PDR Physical Therapy and Wellness Center","alternateName":"PD Rehab","url":"https:\/\/pdrehab.com\/pl\/","logo":{"@id":"https:\/\/pdrehab.com\/pl\/plany-ubezpieczeniowe\/#local-main-organization-logo"},"image":{"@id":"https:\/\/pdrehab.com\/pl\/plany-ubezpieczeniowe\/#local-main-organization-logo"},"sameAs":["https:\/\/www.facebook.com\/PDRPhysicalTherapy","https:\/\/www.instagram.com\/pdrpt\/"],"telephone":[],"openingHoursSpecification":[{"@type":"OpeningHoursSpecification","dayOfWeek":["Monday","Tuesday","Wednesday","Thursday","Friday","Saturday","Sunday"],"opens":"09:00","closes":"17:00"}]},{"@type":"ImageObject","inLanguage":"pl-PL","@id":"https:\/\/pdrehab.com\/pl\/plany-ubezpieczeniowe\/#local-main-organization-logo","url":"https:\/\/pdrehab.com\/wp-content\/uploads\/2025\/10\/PDRlogo_allblue-scaled.png","contentUrl":"https:\/\/pdrehab.com\/wp-content\/uploads\/2025\/10\/PDRlogo_allblue-scaled.png","width":2560,"height":1463,"caption":"PDR Physical Therapy and Wellness Center"}]}},"_links":{"self":[{"href":"https:\/\/pdrehab.com\/pl\/wp-json\/wp\/v2\/pages\/51424","targetHints":{"allow":["GET"]}}],"collection":[{"href":"https:\/\/pdrehab.com\/pl\/wp-json\/wp\/v2\/pages"}],"about":[{"href":"https:\/\/pdrehab.com\/pl\/wp-json\/wp\/v2\/types\/page"}],"author":[{"embeddable":true,"href":"https:\/\/pdrehab.com\/pl\/wp-json\/wp\/v2\/users\/1"}],"replies":[{"embeddable":true,"href":"https:\/\/pdrehab.com\/pl\/wp-json\/wp\/v2\/comments?post=51424"}],"version-history":[{"count":0,"href":"https:\/\/pdrehab.com\/pl\/wp-json\/wp\/v2\/pages\/51424\/revisions"}],"wp:featuredmedia":[{"embeddable":true,"href":"https:\/\/pdrehab.com\/pl\/wp-json\/wp\/v2\/media\/66760"}],"wp:attachment":[{"href":"https:\/\/pdrehab.com\/pl\/wp-json\/wp\/v2\/media?parent=51424"}],"curies":[{"name":"wp","href":"https:\/\/api.w.org\/{rel}","templated":true}]}}